{"id":868,"date":"2019-04-16T20:21:14","date_gmt":"2019-04-16T19:21:14","guid":{"rendered":"https:\/\/pelyhe.hu\/?page_id=868"},"modified":"2022-05-06T13:12:23","modified_gmt":"2022-05-06T12:12:23","slug":"kapcsolat","status":"publish","type":"page","link":"https:\/\/pelyhe.hu\/index.php\/kapcsolat\/","title":{"rendered":"Kapcsolat"},"content":{"rendered":"<p><div class=\"fusion-fullwidth fullwidth-box fusion-builder-row-1 nonhundred-percent-fullwidth non-hundred-percent-height-scrolling\" style=\"--awb-border-radius-top-left:0px;--awb-border-radius-top-right:0px;--awb-border-radius-bottom-right:0px;--awb-border-radius-bottom-left:0px;--awb-flex-wrap:wrap;\" ><div class=\"fusion-builder-row fusion-row\"><div class=\"fusion-layout-column fusion_builder_column fusion-builder-column-0 fusion_builder_column_1_2 1_2 fusion-one-half fusion-column-first\" style=\"--awb-bg-size:cover;width:50%;width:calc(50% - ( ( 4% ) * 0.5 ) );margin-right: 4%;\"><div class=\"fusion-column-wrapper fusion-column-has-shadow fusion-flex-column-wrapper-legacy\"><div class=\"fusion-text fusion-text-1\"><p><strong>E-mail:<\/strong><br \/>\n<a href=\"mailto:pelyhe@pelyhe.hu\">pelyhe@pelyhe.hu<\/a><\/p>\n<p><strong>Telephely:<\/strong><br \/>\n1033. Budapest,\u00a0Huszti \u00fat 34.<br \/>\n(Az ALDI-val szemben vagyunk.)<\/p>\n<\/div><div class=\"fusion-text fusion-text-2\"><p><strong>Telefon:<\/strong><br \/>\n+36 1 368 92 35<br \/>\n+36 30 9 321 640<\/p>\n<p><strong>Fax:<\/strong><br \/>\n+36 1 388 85 76<\/p>\n<p><strong>Nyitvatart\u00e1s:<\/strong><br \/>\nH-CS: 9-15<br \/>\nP: 9-14<br \/>\nHa ezeken az ind\u0151ponokon k\u00edv\u00fcl j\u00f6nne, keressen minket mobilon.<\/p>\n<\/div><div class=\"fusion-clearfix\"><\/div><\/div><\/div><div class=\"fusion-layout-column fusion_builder_column fusion-builder-column-1 fusion_builder_column_1_2 1_2 fusion-one-half fusion-column-last\" style=\"--awb-bg-size:cover;width:50%;width:calc(50% - ( ( 4% ) * 0.5 ) );\"><div class=\"fusion-column-wrapper fusion-column-has-shadow fusion-flex-column-wrapper-legacy\"><div class=\"fusion-image-element in-legacy-container\" style=\"--awb-caption-title-font-family:var(--h2_typography-font-family);--awb-caption-title-font-weight:var(--h2_typography-font-weight);--awb-caption-title-font-style:var(--h2_typography-font-style);--awb-caption-title-size:var(--h2_typography-font-size);--awb-caption-title-transform:var(--h2_typography-text-transform);--awb-caption-title-line-height:var(--h2_typography-line-height);--awb-caption-title-letter-spacing:var(--h2_typography-letter-spacing);\"><span class=\" fusion-imageframe imageframe-none imageframe-1 hover-type-none\"><img decoding=\"async\" width=\"399\" height=\"399\" title=\"bejarat_2\" src=\"https:\/\/pelyhe.hu\/wp-content\/uploads\/2019\/04\/bejarat_2.jpg\" alt class=\"img-responsive wp-image-39\" srcset=\"https:\/\/pelyhe.hu\/wp-content\/uploads\/2019\/04\/bejarat_2-200x200.jpg 200w, https:\/\/pelyhe.hu\/wp-content\/uploads\/2019\/04\/bejarat_2.jpg 399w\" sizes=\"(max-width: 800px) 100vw, 399px\" \/><\/span><\/div><div class=\"fusion-clearfix\"><\/div><\/div><\/div><\/div><\/div><div class=\"fusion-fullwidth fullwidth-box fusion-builder-row-2 hundred-percent-fullwidth non-hundred-percent-height-scrolling\" style=\"--awb-border-radius-top-left:0px;--awb-border-radius-top-right:0px;--awb-border-radius-bottom-right:0px;--awb-border-radius-bottom-left:0px;--awb-flex-wrap:wrap;\" ><div class=\"fusion-builder-row fusion-row\"><div class=\"fusion-layout-column fusion_builder_column fusion-builder-column-2 fusion_builder_column_1_1 1_1 fusion-one-full fusion-column-first fusion-column-last\" style=\"--awb-bg-size:cover;\"><div class=\"fusion-column-wrapper fusion-column-has-shadow fusion-flex-column-wrapper-legacy\">[wpgmza id=\"1\"]<div class=\"fusion-clearfix\"><\/div><\/div><\/div><\/div><\/div><\/p>\n","protected":false},"excerpt":{"rendered":"","protected":false},"author":1,"featured_media":0,"parent":0,"menu_order":0,"comment_status":"closed","ping_status":"closed","template":"100-width.php","meta":{"footnotes":""},"class_list":["post-868","page","type-page","status-publish","hentry"],"yoast_head":"<!-- This site is optimized with the Yoast SEO plugin v27.6 - https:\/\/yoast.com\/product\/yoast-seo-wordpress\/ -->\n<title>Kapcsolat - Pelyhe \u00e9s T\u00e1rsa Kft.<\/title>\n<meta name=\"robots\" content=\"index, follow, max-snippet:-1, max-image-preview:large, max-video-preview:-1\" \/>\n<link rel=\"canonical\" href=\"https:\/\/pelyhe.hu\/index.php\/kapcsolat\/\" \/>\n<meta property=\"og:locale\" content=\"hu_HU\" \/>\n<meta property=\"og:type\" content=\"article\" \/>\n<meta property=\"og:title\" content=\"Kapcsolat - Pelyhe \u00e9s T\u00e1rsa Kft.\" \/>\n<meta property=\"og:url\" content=\"https:\/\/pelyhe.hu\/index.php\/kapcsolat\/\" \/>\n<meta property=\"og:site_name\" content=\"Pelyhe \u00e9s T\u00e1rsa Kft.\" \/>\n<meta property=\"article:modified_time\" content=\"2022-05-06T12:12:23+00:00\" \/>\n<meta name=\"twitter:card\" content=\"summary_large_image\" \/>\n<meta name=\"twitter:label1\" content=\"Becs\u00fclt olvas\u00e1si id\u0151\" \/>\n\t<meta name=\"twitter:data1\" content=\"4 perc\" \/>\n<script type=\"application\/ld+json\" class=\"yoast-schema-graph\">{\"@context\":\"https:\\\/\\\/schema.org\",\"@graph\":[{\"@type\":\"WebPage\",\"@id\":\"https:\\\/\\\/pelyhe.hu\\\/index.php\\\/kapcsolat\\\/\",\"url\":\"https:\\\/\\\/pelyhe.hu\\\/index.php\\\/kapcsolat\\\/\",\"name\":\"Kapcsolat - Pelyhe \u00e9s T\u00e1rsa Kft.\",\"isPartOf\":{\"@id\":\"https:\\\/\\\/pelyhe.hu\\\/#website\"},\"datePublished\":\"2019-04-16T19:21:14+00:00\",\"dateModified\":\"2022-05-06T12:12:23+00:00\",\"breadcrumb\":{\"@id\":\"https:\\\/\\\/pelyhe.hu\\\/index.php\\\/kapcsolat\\\/#breadcrumb\"},\"inLanguage\":\"hu\",\"potentialAction\":[{\"@type\":\"ReadAction\",\"target\":[\"https:\\\/\\\/pelyhe.hu\\\/index.php\\\/kapcsolat\\\/\"]}]},{\"@type\":\"BreadcrumbList\",\"@id\":\"https:\\\/\\\/pelyhe.hu\\\/index.php\\\/kapcsolat\\\/#breadcrumb\",\"itemListElement\":[{\"@type\":\"ListItem\",\"position\":1,\"name\":\"Home\",\"item\":\"https:\\\/\\\/pelyhe.hu\\\/\"},{\"@type\":\"ListItem\",\"position\":2,\"name\":\"Kapcsolat\"}]},{\"@type\":\"WebSite\",\"@id\":\"https:\\\/\\\/pelyhe.hu\\\/#website\",\"url\":\"https:\\\/\\\/pelyhe.hu\\\/\",\"name\":\"Pelyhe \u00e9s T\u00e1rsa Kft.\",\"description\":\"Sz\u00ednpad \u00e9s f\u00e9nytechnika\",\"publisher\":{\"@id\":\"https:\\\/\\\/pelyhe.hu\\\/#organization\"},\"potentialAction\":[{\"@type\":\"SearchAction\",\"target\":{\"@type\":\"EntryPoint\",\"urlTemplate\":\"https:\\\/\\\/pelyhe.hu\\\/?s={search_term_string}\"},\"query-input\":{\"@type\":\"PropertyValueSpecification\",\"valueRequired\":true,\"valueName\":\"search_term_string\"}}],\"inLanguage\":\"hu\"},{\"@type\":\"Organization\",\"@id\":\"https:\\\/\\\/pelyhe.hu\\\/#organization\",\"name\":\"Pelyhe \u00e9s T\u00e1rsa Kft.\",\"url\":\"https:\\\/\\\/pelyhe.hu\\\/\",\"logo\":{\"@type\":\"ImageObject\",\"inLanguage\":\"hu\",\"@id\":\"https:\\\/\\\/pelyhe.hu\\\/#\\\/schema\\\/logo\\\/image\\\/\",\"url\":\"https:\\\/\\\/pelyhe.hu\\\/wp-content\\\/uploads\\\/2019\\\/04\\\/pelyhe_logo_trans.png\",\"contentUrl\":\"https:\\\/\\\/pelyhe.hu\\\/wp-content\\\/uploads\\\/2019\\\/04\\\/pelyhe_logo_trans.png\",\"width\":256,\"height\":80,\"caption\":\"Pelyhe \u00e9s T\u00e1rsa Kft.\"},\"image\":{\"@id\":\"https:\\\/\\\/pelyhe.hu\\\/#\\\/schema\\\/logo\\\/image\\\/\"}}]}<\/script>\n<!-- \/ Yoast SEO plugin. -->","yoast_head_json":{"title":"Kapcsolat - Pelyhe \u00e9s T\u00e1rsa Kft.","robots":{"index":"index","follow":"follow","max-snippet":"max-snippet:-1","max-image-preview":"max-image-preview:large","max-video-preview":"max-video-preview:-1"},"canonical":"https:\/\/pelyhe.hu\/index.php\/kapcsolat\/","og_locale":"hu_HU","og_type":"article","og_title":"Kapcsolat - Pelyhe \u00e9s T\u00e1rsa Kft.","og_url":"https:\/\/pelyhe.hu\/index.php\/kapcsolat\/","og_site_name":"Pelyhe \u00e9s T\u00e1rsa Kft.","article_modified_time":"2022-05-06T12:12:23+00:00","twitter_card":"summary_large_image","twitter_misc":{"Becs\u00fclt olvas\u00e1si id\u0151":"4 perc"},"schema":{"@context":"https:\/\/schema.org","@graph":[{"@type":"WebPage","@id":"https:\/\/pelyhe.hu\/index.php\/kapcsolat\/","url":"https:\/\/pelyhe.hu\/index.php\/kapcsolat\/","name":"Kapcsolat - Pelyhe \u00e9s T\u00e1rsa Kft.","isPartOf":{"@id":"https:\/\/pelyhe.hu\/#website"},"datePublished":"2019-04-16T19:21:14+00:00","dateModified":"2022-05-06T12:12:23+00:00","breadcrumb":{"@id":"https:\/\/pelyhe.hu\/index.php\/kapcsolat\/#breadcrumb"},"inLanguage":"hu","potentialAction":[{"@type":"ReadAction","target":["https:\/\/pelyhe.hu\/index.php\/kapcsolat\/"]}]},{"@type":"BreadcrumbList","@id":"https:\/\/pelyhe.hu\/index.php\/kapcsolat\/#breadcrumb","itemListElement":[{"@type":"ListItem","position":1,"name":"Home","item":"https:\/\/pelyhe.hu\/"},{"@type":"ListItem","position":2,"name":"Kapcsolat"}]},{"@type":"WebSite","@id":"https:\/\/pelyhe.hu\/#website","url":"https:\/\/pelyhe.hu\/","name":"Pelyhe \u00e9s T\u00e1rsa Kft.","description":"Sz\u00ednpad \u00e9s f\u00e9nytechnika","publisher":{"@id":"https:\/\/pelyhe.hu\/#organization"},"potentialAction":[{"@type":"SearchAction","target":{"@type":"EntryPoint","urlTemplate":"https:\/\/pelyhe.hu\/?s={search_term_string}"},"query-input":{"@type":"PropertyValueSpecification","valueRequired":true,"valueName":"search_term_string"}}],"inLanguage":"hu"},{"@type":"Organization","@id":"https:\/\/pelyhe.hu\/#organization","name":"Pelyhe \u00e9s T\u00e1rsa Kft.","url":"https:\/\/pelyhe.hu\/","logo":{"@type":"ImageObject","inLanguage":"hu","@id":"https:\/\/pelyhe.hu\/#\/schema\/logo\/image\/","url":"https:\/\/pelyhe.hu\/wp-content\/uploads\/2019\/04\/pelyhe_logo_trans.png","contentUrl":"https:\/\/pelyhe.hu\/wp-content\/uploads\/2019\/04\/pelyhe_logo_trans.png","width":256,"height":80,"caption":"Pelyhe \u00e9s T\u00e1rsa Kft."},"image":{"@id":"https:\/\/pelyhe.hu\/#\/schema\/logo\/image\/"}}]}},"_links":{"self":[{"href":"https:\/\/pelyhe.hu\/index.php\/wp-json\/wp\/v2\/pages\/868","targetHints":{"allow":["GET"]}}],"collection":[{"href":"https:\/\/pelyhe.hu\/index.php\/wp-json\/wp\/v2\/pages"}],"about":[{"href":"https:\/\/pelyhe.hu\/index.php\/wp-json\/wp\/v2\/types\/page"}],"author":[{"embeddable":true,"href":"https:\/\/pelyhe.hu\/index.php\/wp-json\/wp\/v2\/users\/1"}],"replies":[{"embeddable":true,"href":"https:\/\/pelyhe.hu\/index.php\/wp-json\/wp\/v2\/comments?post=868"}],"version-history":[{"count":7,"href":"https:\/\/pelyhe.hu\/index.php\/wp-json\/wp\/v2\/pages\/868\/revisions"}],"predecessor-version":[{"id":1004,"href":"https:\/\/pelyhe.hu\/index.php\/wp-json\/wp\/v2\/pages\/868\/revisions\/1004"}],"wp:attachment":[{"href":"https:\/\/pelyhe.hu\/index.php\/wp-json\/wp\/v2\/media?parent=868"}],"curies":[{"name":"wp","href":"https:\/\/api.w.org\/{rel}","templated":true}]}}