{"id":38,"date":"2019-04-02T18:41:59","date_gmt":"2019-04-02T17:41:59","guid":{"rendered":"https:\/\/pelyhe.hu\/?page_id=38"},"modified":"2019-04-16T20:20:35","modified_gmt":"2019-04-16T19:20:35","slug":"elerhetoseg","status":"publish","type":"page","link":"https:\/\/pelyhe.hu\/index.php\/elerhetoseg\/","title":{"rendered":"El\u00e9rhet\u0151s\u00e9g"},"content":{"rendered":"<p><div class=\"fusion-fullwidth fullwidth-box fusion-builder-row-1 nonhundred-percent-fullwidth non-hundred-percent-height-scrolling\" style=\"--awb-border-radius-top-left:0px;--awb-border-radius-top-right:0px;--awb-border-radius-bottom-right:0px;--awb-border-radius-bottom-left:0px;--awb-flex-wrap:wrap;\" ><div class=\"fusion-builder-row fusion-row\"><div class=\"fusion-layout-column fusion_builder_column fusion-builder-column-0 fusion_builder_column_1_2 1_2 fusion-one-half fusion-column-first\" style=\"--awb-bg-size:cover;width:50%;width:calc(50% - ( ( 4% ) * 0.5 ) );margin-right: 4%;\"><div class=\"fusion-column-wrapper fusion-column-has-shadow fusion-flex-column-wrapper-legacy\"><div class=\"fusion-text fusion-text-1\"><table border=\"0\" width=\"100%\">\n<tbody>\n<tr>\n<td width=\"50%\"><u>E-mail:<\/u><\/p>\n<p><a href=\"mailto:pelyhe@pelyhe.hu\">pelyhe@pelyhe.hu<\/a><\/p>\n<p><u>Telephely<\/u>:<\/p>\n<p><strong>1033. Budapest,\u00a0Huszti \u00fat 34.<\/strong><\/p>\n<p><u>GPS koordin\u00e1ta<\/u>:<\/p>\n<p><strong>\u00c9 47.55456\u00b0\u00a0\u00a0\u00a0\u00a0\u00a0K 19.04045\u00b0<\/strong><\/p>\n<p>(Az ALDI-val szemben vagyunk.)<\/td>\n<\/tr>\n<\/tbody>\n<\/table>\n<\/div><div class=\"fusion-text fusion-text-2\"><p><u>Telefon<\/u>:<\/p>\n<p><strong>+36 1 368 92 35<\/strong><\/p>\n<p><strong>+36 30 9 321 640<\/strong><\/p>\n<p><u>Fax<\/u>:<\/p>\n<p><strong>+36 1 388 85 76<\/strong><\/p>\n<p><u>Nyitvatart\u00e1s<\/u>:<\/p>\n<p><strong>H-CS: 9-17<\/strong><\/p>\n<p><strong>\u00a0 \u00a0 \u00a0 \u00a0P: 9-16<\/strong><\/p>\n<p>Ha ezeken az ind\u0151ponokon k\u00edv\u00fcl j\u00f6nne, keressen minket mobilon.<\/p>\n<\/div><div class=\"fusion-clearfix\"><\/div><\/div><\/div><div class=\"fusion-layout-column fusion_builder_column fusion-builder-column-1 fusion_builder_column_1_2 1_2 fusion-one-half fusion-column-last\" style=\"--awb-bg-size:cover;width:50%;width:calc(50% - ( ( 4% ) * 0.5 ) );\"><div class=\"fusion-column-wrapper fusion-column-has-shadow fusion-flex-column-wrapper-legacy\"><div class=\"fusion-image-element in-legacy-container\" style=\"--awb-caption-title-font-family:var(--h2_typography-font-family);--awb-caption-title-font-weight:var(--h2_typography-font-weight);--awb-caption-title-font-style:var(--h2_typography-font-style);--awb-caption-title-size:var(--h2_typography-font-size);--awb-caption-title-transform:var(--h2_typography-text-transform);--awb-caption-title-line-height:var(--h2_typography-line-height);--awb-caption-title-letter-spacing:var(--h2_typography-letter-spacing);\"><span class=\" fusion-imageframe imageframe-none imageframe-1 hover-type-none\"><img decoding=\"async\" width=\"399\" height=\"399\" title=\"bejarat_2\" src=\"https:\/\/pelyhe.hu\/wp-content\/uploads\/2019\/04\/bejarat_2.jpg\" alt class=\"img-responsive wp-image-39\" srcset=\"https:\/\/pelyhe.hu\/wp-content\/uploads\/2019\/04\/bejarat_2-200x200.jpg 200w, https:\/\/pelyhe.hu\/wp-content\/uploads\/2019\/04\/bejarat_2.jpg 399w\" sizes=\"(max-width: 800px) 100vw, 399px\" \/><\/span><\/div><div class=\"fusion-clearfix\"><\/div><\/div><\/div><\/div><\/div><div class=\"fusion-fullwidth fullwidth-box fusion-builder-row-2 nonhundred-percent-fullwidth non-hundred-percent-height-scrolling\" style=\"--awb-border-radius-top-left:0px;--awb-border-radius-top-right:0px;--awb-border-radius-bottom-right:0px;--awb-border-radius-bottom-left:0px;--awb-flex-wrap:wrap;\" ><div class=\"fusion-builder-row fusion-row\"><div class=\"fusion-layout-column fusion_builder_column fusion-builder-column-2 fusion_builder_column_1_1 1_1 fusion-one-full fusion-column-first fusion-column-last\" style=\"--awb-bg-size:cover;\"><div class=\"fusion-column-wrapper fusion-column-has-shadow fusion-flex-column-wrapper-legacy\">\t\t\t\t\t<script type=\"text\/javascript\">\n\t\t\t\t\t\tvar map_fusion_map_69f778116ad69;\n\t\t\t\t\t\tvar markers = [];\n\t\t\t\t\t\tvar counter = 0;\n\t\t\t\t\t\t\t\t\t\t\t\t\t\t\t\t\t\t\t\tvar fusionMapNonce = '3552d982f5';\n\t\t\t\t\t\t\t\t\t\t\t\tfunction fusion_run_map_fusion_map_69f778116ad69() {\n\t\t\t\t\t\t\tjQuery ('#fusion_map_69f778116ad69' ).fusion_maps( {\n\t\t\t\t\t\t\t\taddresses: [{\"address\":\"1033. Budapest, Huszti \\u00fat 34.\",\"infobox_content\":\"1033. Budapest, Huszti \\u00fat 34.\",\"coordinates\":false,\"cache\":true,\"latitude\":\"47.5543594\",\"longitude\":\"19.040152799999987\"}],\n\t\t\t\t\t\t\t\tanimations: true,\n\t\t\t\t\t\t\t\tinfobox_background_color: '',\n\t\t\t\t\t\t\t\tinfobox_styling: 'default',\n\t\t\t\t\t\t\t\tinfobox_text_color: '',\n\t\t\t\t\t\t\t\tmap_style: 'default',\n\t\t\t\t\t\t\t\tmap_type: 'roadmap',\n\t\t\t\t\t\t\t\tmarker_icon: '',\n\t\t\t\t\t\t\t\toverlay_color: '',\n\t\t\t\t\t\t\t\toverlay_color_hsl: {\"hue\":0,\"sat\":0,\"lum\":100},\n\t\t\t\t\t\t\t\tshow_address: true,\n\t\t\t\t\t\t\t\tscale_control: true,\n\t\t\t\t\t\t\t\tscrollwheel: true,\n\t\t\t\t\t\t\t\tzoom: 14,\n\t\t\t\t\t\t\t\tzoom_control: true,\n\t\t\t\t\t\t\t} );\n\t\t\t\t\t\t}\n\n\t\t\t\t\t\tgoogle.maps.event.addDomListener(window, 'load', fusion_run_map_fusion_map_69f778116ad69);\n\t\t\t\t\t<\/script>\n\t\t\t\t\t<div class=\"shortcode-map fusion-google-map fusion-maps-js-type\" id=\"fusion_map_69f778116ad69\"><\/div><div class=\"fusion-clearfix\"><\/div><\/div><\/div><\/div><\/div><\/p>\n","protected":false},"excerpt":{"rendered":"","protected":false},"author":1,"featured_media":0,"parent":0,"menu_order":0,"comment_status":"closed","ping_status":"closed","template":"side-navigation.php","meta":{"footnotes":""},"class_list":["post-38","page","type-page","status-publish","hentry"],"yoast_head":"<!-- This site is optimized with the Yoast SEO plugin v27.5 - https:\/\/yoast.com\/product\/yoast-seo-wordpress\/ -->\n<title>El\u00e9rhet\u0151s\u00e9g - Pelyhe \u00e9s T\u00e1rsa Kft.<\/title>\n<meta name=\"robots\" content=\"index, follow, max-snippet:-1, max-image-preview:large, max-video-preview:-1\" \/>\n<link rel=\"canonical\" href=\"https:\/\/pelyhe.hu\/index.php\/elerhetoseg\/\" \/>\n<meta property=\"og:locale\" content=\"hu_HU\" \/>\n<meta property=\"og:type\" content=\"article\" \/>\n<meta property=\"og:title\" content=\"El\u00e9rhet\u0151s\u00e9g - Pelyhe \u00e9s T\u00e1rsa Kft.\" \/>\n<meta property=\"og:url\" content=\"https:\/\/pelyhe.hu\/index.php\/elerhetoseg\/\" \/>\n<meta property=\"og:site_name\" content=\"Pelyhe \u00e9s T\u00e1rsa Kft.\" \/>\n<meta property=\"article:modified_time\" content=\"2019-04-16T19:20:35+00:00\" \/>\n<meta name=\"twitter:card\" content=\"summary_large_image\" \/>\n<meta name=\"twitter:label1\" content=\"Becs\u00fclt olvas\u00e1si id\u0151\" \/>\n\t<meta name=\"twitter:data1\" content=\"4 perc\" \/>\n<script type=\"application\/ld+json\" class=\"yoast-schema-graph\">{\"@context\":\"https:\\\/\\\/schema.org\",\"@graph\":[{\"@type\":\"WebPage\",\"@id\":\"https:\\\/\\\/pelyhe.hu\\\/index.php\\\/elerhetoseg\\\/\",\"url\":\"https:\\\/\\\/pelyhe.hu\\\/index.php\\\/elerhetoseg\\\/\",\"name\":\"El\u00e9rhet\u0151s\u00e9g - Pelyhe \u00e9s T\u00e1rsa Kft.\",\"isPartOf\":{\"@id\":\"https:\\\/\\\/pelyhe.hu\\\/#website\"},\"datePublished\":\"2019-04-02T17:41:59+00:00\",\"dateModified\":\"2019-04-16T19:20:35+00:00\",\"breadcrumb\":{\"@id\":\"https:\\\/\\\/pelyhe.hu\\\/index.php\\\/elerhetoseg\\\/#breadcrumb\"},\"inLanguage\":\"hu\",\"potentialAction\":[{\"@type\":\"ReadAction\",\"target\":[\"https:\\\/\\\/pelyhe.hu\\\/index.php\\\/elerhetoseg\\\/\"]}]},{\"@type\":\"BreadcrumbList\",\"@id\":\"https:\\\/\\\/pelyhe.hu\\\/index.php\\\/elerhetoseg\\\/#breadcrumb\",\"itemListElement\":[{\"@type\":\"ListItem\",\"position\":1,\"name\":\"Home\",\"item\":\"https:\\\/\\\/pelyhe.hu\\\/\"},{\"@type\":\"ListItem\",\"position\":2,\"name\":\"El\u00e9rhet\u0151s\u00e9g\"}]},{\"@type\":\"WebSite\",\"@id\":\"https:\\\/\\\/pelyhe.hu\\\/#website\",\"url\":\"https:\\\/\\\/pelyhe.hu\\\/\",\"name\":\"Pelyhe \u00e9s T\u00e1rsa Kft.\",\"description\":\"Sz\u00ednpad \u00e9s f\u00e9nytechnika\",\"publisher\":{\"@id\":\"https:\\\/\\\/pelyhe.hu\\\/#organization\"},\"potentialAction\":[{\"@type\":\"SearchAction\",\"target\":{\"@type\":\"EntryPoint\",\"urlTemplate\":\"https:\\\/\\\/pelyhe.hu\\\/?s={search_term_string}\"},\"query-input\":{\"@type\":\"PropertyValueSpecification\",\"valueRequired\":true,\"valueName\":\"search_term_string\"}}],\"inLanguage\":\"hu\"},{\"@type\":\"Organization\",\"@id\":\"https:\\\/\\\/pelyhe.hu\\\/#organization\",\"name\":\"Pelyhe \u00e9s T\u00e1rsa Kft.\",\"url\":\"https:\\\/\\\/pelyhe.hu\\\/\",\"logo\":{\"@type\":\"ImageObject\",\"inLanguage\":\"hu\",\"@id\":\"https:\\\/\\\/pelyhe.hu\\\/#\\\/schema\\\/logo\\\/image\\\/\",\"url\":\"https:\\\/\\\/pelyhe.hu\\\/wp-content\\\/uploads\\\/2019\\\/04\\\/pelyhe_logo_trans.png\",\"contentUrl\":\"https:\\\/\\\/pelyhe.hu\\\/wp-content\\\/uploads\\\/2019\\\/04\\\/pelyhe_logo_trans.png\",\"width\":256,\"height\":80,\"caption\":\"Pelyhe \u00e9s T\u00e1rsa Kft.\"},\"image\":{\"@id\":\"https:\\\/\\\/pelyhe.hu\\\/#\\\/schema\\\/logo\\\/image\\\/\"}}]}<\/script>\n<!-- \/ Yoast SEO plugin. -->","yoast_head_json":{"title":"El\u00e9rhet\u0151s\u00e9g - Pelyhe \u00e9s T\u00e1rsa Kft.","robots":{"index":"index","follow":"follow","max-snippet":"max-snippet:-1","max-image-preview":"max-image-preview:large","max-video-preview":"max-video-preview:-1"},"canonical":"https:\/\/pelyhe.hu\/index.php\/elerhetoseg\/","og_locale":"hu_HU","og_type":"article","og_title":"El\u00e9rhet\u0151s\u00e9g - Pelyhe \u00e9s T\u00e1rsa Kft.","og_url":"https:\/\/pelyhe.hu\/index.php\/elerhetoseg\/","og_site_name":"Pelyhe \u00e9s T\u00e1rsa Kft.","article_modified_time":"2019-04-16T19:20:35+00:00","twitter_card":"summary_large_image","twitter_misc":{"Becs\u00fclt olvas\u00e1si id\u0151":"4 perc"},"schema":{"@context":"https:\/\/schema.org","@graph":[{"@type":"WebPage","@id":"https:\/\/pelyhe.hu\/index.php\/elerhetoseg\/","url":"https:\/\/pelyhe.hu\/index.php\/elerhetoseg\/","name":"El\u00e9rhet\u0151s\u00e9g - Pelyhe \u00e9s T\u00e1rsa Kft.","isPartOf":{"@id":"https:\/\/pelyhe.hu\/#website"},"datePublished":"2019-04-02T17:41:59+00:00","dateModified":"2019-04-16T19:20:35+00:00","breadcrumb":{"@id":"https:\/\/pelyhe.hu\/index.php\/elerhetoseg\/#breadcrumb"},"inLanguage":"hu","potentialAction":[{"@type":"ReadAction","target":["https:\/\/pelyhe.hu\/index.php\/elerhetoseg\/"]}]},{"@type":"BreadcrumbList","@id":"https:\/\/pelyhe.hu\/index.php\/elerhetoseg\/#breadcrumb","itemListElement":[{"@type":"ListItem","position":1,"name":"Home","item":"https:\/\/pelyhe.hu\/"},{"@type":"ListItem","position":2,"name":"El\u00e9rhet\u0151s\u00e9g"}]},{"@type":"WebSite","@id":"https:\/\/pelyhe.hu\/#website","url":"https:\/\/pelyhe.hu\/","name":"Pelyhe \u00e9s T\u00e1rsa Kft.","description":"Sz\u00ednpad \u00e9s f\u00e9nytechnika","publisher":{"@id":"https:\/\/pelyhe.hu\/#organization"},"potentialAction":[{"@type":"SearchAction","target":{"@type":"EntryPoint","urlTemplate":"https:\/\/pelyhe.hu\/?s={search_term_string}"},"query-input":{"@type":"PropertyValueSpecification","valueRequired":true,"valueName":"search_term_string"}}],"inLanguage":"hu"},{"@type":"Organization","@id":"https:\/\/pelyhe.hu\/#organization","name":"Pelyhe \u00e9s T\u00e1rsa Kft.","url":"https:\/\/pelyhe.hu\/","logo":{"@type":"ImageObject","inLanguage":"hu","@id":"https:\/\/pelyhe.hu\/#\/schema\/logo\/image\/","url":"https:\/\/pelyhe.hu\/wp-content\/uploads\/2019\/04\/pelyhe_logo_trans.png","contentUrl":"https:\/\/pelyhe.hu\/wp-content\/uploads\/2019\/04\/pelyhe_logo_trans.png","width":256,"height":80,"caption":"Pelyhe \u00e9s T\u00e1rsa Kft."},"image":{"@id":"https:\/\/pelyhe.hu\/#\/schema\/logo\/image\/"}}]}},"_links":{"self":[{"href":"https:\/\/pelyhe.hu\/index.php\/wp-json\/wp\/v2\/pages\/38","targetHints":{"allow":["GET"]}}],"collection":[{"href":"https:\/\/pelyhe.hu\/index.php\/wp-json\/wp\/v2\/pages"}],"about":[{"href":"https:\/\/pelyhe.hu\/index.php\/wp-json\/wp\/v2\/types\/page"}],"author":[{"embeddable":true,"href":"https:\/\/pelyhe.hu\/index.php\/wp-json\/wp\/v2\/users\/1"}],"replies":[{"embeddable":true,"href":"https:\/\/pelyhe.hu\/index.php\/wp-json\/wp\/v2\/comments?post=38"}],"version-history":[{"count":4,"href":"https:\/\/pelyhe.hu\/index.php\/wp-json\/wp\/v2\/pages\/38\/revisions"}],"predecessor-version":[{"id":867,"href":"https:\/\/pelyhe.hu\/index.php\/wp-json\/wp\/v2\/pages\/38\/revisions\/867"}],"wp:attachment":[{"href":"https:\/\/pelyhe.hu\/index.php\/wp-json\/wp\/v2\/media?parent=38"}],"curies":[{"name":"wp","href":"https:\/\/api.w.org\/{rel}","templated":true}]}}