{"id":36,"date":"2019-04-02T18:17:43","date_gmt":"2019-04-02T17:17:43","guid":{"rendered":"https:\/\/pelyhe.hu\/?page_id=36"},"modified":"2019-04-02T18:17:43","modified_gmt":"2019-04-02T17:17:43","slug":"munkatarsaink","status":"publish","type":"page","link":"https:\/\/pelyhe.hu\/index.php\/munkatarsaink\/","title":{"rendered":"Munkat\u00e1rsaink"},"content":{"rendered":"<div class=\"fusion-fullwidth fullwidth-box fusion-builder-row-1 nonhundred-percent-fullwidth non-hundred-percent-height-scrolling\" style=\"--awb-border-radius-top-left:0px;--awb-border-radius-top-right:0px;--awb-border-radius-bottom-right:0px;--awb-border-radius-bottom-left:0px;--awb-flex-wrap:wrap;\" ><div class=\"fusion-builder-row fusion-row\"><div class=\"fusion-layout-column fusion_builder_column fusion-builder-column-0 fusion_builder_column_1_1 1_1 fusion-one-full fusion-column-first fusion-column-last\" style=\"--awb-bg-size:cover;\"><div class=\"fusion-column-wrapper fusion-column-has-shadow fusion-flex-column-wrapper-legacy\"><div class=\"fusion-text fusion-text-1\"><table border=\"0\" cellspacing=\"1\" cellpadding=\"1\">\n<tbody>\n<tr>\n<td><strong>Pelyhe J\u00e1nos<\/strong><\/td>\n<td>\u00dcgyvezet\u0151 igazgat\u00f3<\/td>\n<td><\/td>\n<\/tr>\n<tr>\n<td><strong>Moln\u00e1r Zsuzsanna<\/strong><\/td>\n<td>Gazdas\u00e1gi vezet\u0151<\/td>\n<td><\/td>\n<\/tr>\n<tr>\n<td><strong>N\u00e9meth G\u00e1bor<\/strong><\/td>\n<td>Kereskedelmi igazgat\u00f3<\/td>\n<td><\/td>\n<\/tr>\n<tr>\n<td><strong>Jerzsa Attila<\/strong><\/td>\n<td>Projekt menedzser<\/td>\n<td><\/td>\n<\/tr>\n<tr>\n<td><strong>Kolozsi Attila<\/strong><\/td>\n<td>Projekt menedzser<\/td>\n<td><\/td>\n<\/tr>\n<tr>\n<td><strong>Lenzs\u00e9r J\u00e1nos<\/strong><\/td>\n<td style=\"text-align: left;\">Sz\u00e1m\u00edt\u00e1stechnikus<\/td>\n<\/tr>\n<\/tbody>\n<\/table>\n<\/div><div class=\"fusion-clearfix\"><\/div><\/div><\/div><\/div><\/div>\n","protected":false},"excerpt":{"rendered":"","protected":false},"author":1,"featured_media":0,"parent":0,"menu_order":0,"comment_status":"closed","ping_status":"closed","template":"","meta":{"footnotes":""},"class_list":["post-36","page","type-page","status-publish","hentry"],"yoast_head":"<!-- This site is optimized with the Yoast SEO plugin v27.6 - https:\/\/yoast.com\/product\/yoast-seo-wordpress\/ -->\n<title>Munkat\u00e1rsaink - Pelyhe \u00e9s T\u00e1rsa Kft.<\/title>\n<meta name=\"robots\" content=\"index, follow, max-snippet:-1, max-image-preview:large, max-video-preview:-1\" \/>\n<link rel=\"canonical\" href=\"https:\/\/pelyhe.hu\/index.php\/munkatarsaink\/\" \/>\n<meta property=\"og:locale\" content=\"hu_HU\" \/>\n<meta property=\"og:type\" content=\"article\" \/>\n<meta property=\"og:title\" content=\"Munkat\u00e1rsaink - Pelyhe \u00e9s T\u00e1rsa Kft.\" \/>\n<meta property=\"og:url\" content=\"https:\/\/pelyhe.hu\/index.php\/munkatarsaink\/\" \/>\n<meta property=\"og:site_name\" content=\"Pelyhe \u00e9s T\u00e1rsa Kft.\" \/>\n<meta name=\"twitter:card\" content=\"summary_large_image\" \/>\n<meta name=\"twitter:label1\" content=\"Becs\u00fclt olvas\u00e1si id\u0151\" \/>\n\t<meta name=\"twitter:data1\" content=\"1 perc\" \/>\n<script type=\"application\/ld+json\" class=\"yoast-schema-graph\">{\"@context\":\"https:\\\/\\\/schema.org\",\"@graph\":[{\"@type\":\"WebPage\",\"@id\":\"https:\\\/\\\/pelyhe.hu\\\/index.php\\\/munkatarsaink\\\/\",\"url\":\"https:\\\/\\\/pelyhe.hu\\\/index.php\\\/munkatarsaink\\\/\",\"name\":\"Munkat\u00e1rsaink - Pelyhe \u00e9s T\u00e1rsa Kft.\",\"isPartOf\":{\"@id\":\"https:\\\/\\\/pelyhe.hu\\\/#website\"},\"datePublished\":\"2019-04-02T17:17:43+00:00\",\"breadcrumb\":{\"@id\":\"https:\\\/\\\/pelyhe.hu\\\/index.php\\\/munkatarsaink\\\/#breadcrumb\"},\"inLanguage\":\"hu\",\"potentialAction\":[{\"@type\":\"ReadAction\",\"target\":[\"https:\\\/\\\/pelyhe.hu\\\/index.php\\\/munkatarsaink\\\/\"]}]},{\"@type\":\"BreadcrumbList\",\"@id\":\"https:\\\/\\\/pelyhe.hu\\\/index.php\\\/munkatarsaink\\\/#breadcrumb\",\"itemListElement\":[{\"@type\":\"ListItem\",\"position\":1,\"name\":\"Home\",\"item\":\"https:\\\/\\\/pelyhe.hu\\\/\"},{\"@type\":\"ListItem\",\"position\":2,\"name\":\"Munkat\u00e1rsaink\"}]},{\"@type\":\"WebSite\",\"@id\":\"https:\\\/\\\/pelyhe.hu\\\/#website\",\"url\":\"https:\\\/\\\/pelyhe.hu\\\/\",\"name\":\"Pelyhe \u00e9s T\u00e1rsa Kft.\",\"description\":\"Sz\u00ednpad \u00e9s f\u00e9nytechnika\",\"publisher\":{\"@id\":\"https:\\\/\\\/pelyhe.hu\\\/#organization\"},\"potentialAction\":[{\"@type\":\"SearchAction\",\"target\":{\"@type\":\"EntryPoint\",\"urlTemplate\":\"https:\\\/\\\/pelyhe.hu\\\/?s={search_term_string}\"},\"query-input\":{\"@type\":\"PropertyValueSpecification\",\"valueRequired\":true,\"valueName\":\"search_term_string\"}}],\"inLanguage\":\"hu\"},{\"@type\":\"Organization\",\"@id\":\"https:\\\/\\\/pelyhe.hu\\\/#organization\",\"name\":\"Pelyhe \u00e9s T\u00e1rsa Kft.\",\"url\":\"https:\\\/\\\/pelyhe.hu\\\/\",\"logo\":{\"@type\":\"ImageObject\",\"inLanguage\":\"hu\",\"@id\":\"https:\\\/\\\/pelyhe.hu\\\/#\\\/schema\\\/logo\\\/image\\\/\",\"url\":\"https:\\\/\\\/pelyhe.hu\\\/wp-content\\\/uploads\\\/2019\\\/04\\\/pelyhe_logo_trans.png\",\"contentUrl\":\"https:\\\/\\\/pelyhe.hu\\\/wp-content\\\/uploads\\\/2019\\\/04\\\/pelyhe_logo_trans.png\",\"width\":256,\"height\":80,\"caption\":\"Pelyhe \u00e9s T\u00e1rsa Kft.\"},\"image\":{\"@id\":\"https:\\\/\\\/pelyhe.hu\\\/#\\\/schema\\\/logo\\\/image\\\/\"}}]}<\/script>\n<!-- \/ Yoast SEO plugin. -->","yoast_head_json":{"title":"Munkat\u00e1rsaink - Pelyhe \u00e9s T\u00e1rsa Kft.","robots":{"index":"index","follow":"follow","max-snippet":"max-snippet:-1","max-image-preview":"max-image-preview:large","max-video-preview":"max-video-preview:-1"},"canonical":"https:\/\/pelyhe.hu\/index.php\/munkatarsaink\/","og_locale":"hu_HU","og_type":"article","og_title":"Munkat\u00e1rsaink - Pelyhe \u00e9s T\u00e1rsa Kft.","og_url":"https:\/\/pelyhe.hu\/index.php\/munkatarsaink\/","og_site_name":"Pelyhe \u00e9s T\u00e1rsa Kft.","twitter_card":"summary_large_image","twitter_misc":{"Becs\u00fclt olvas\u00e1si id\u0151":"1 perc"},"schema":{"@context":"https:\/\/schema.org","@graph":[{"@type":"WebPage","@id":"https:\/\/pelyhe.hu\/index.php\/munkatarsaink\/","url":"https:\/\/pelyhe.hu\/index.php\/munkatarsaink\/","name":"Munkat\u00e1rsaink - Pelyhe \u00e9s T\u00e1rsa Kft.","isPartOf":{"@id":"https:\/\/pelyhe.hu\/#website"},"datePublished":"2019-04-02T17:17:43+00:00","breadcrumb":{"@id":"https:\/\/pelyhe.hu\/index.php\/munkatarsaink\/#breadcrumb"},"inLanguage":"hu","potentialAction":[{"@type":"ReadAction","target":["https:\/\/pelyhe.hu\/index.php\/munkatarsaink\/"]}]},{"@type":"BreadcrumbList","@id":"https:\/\/pelyhe.hu\/index.php\/munkatarsaink\/#breadcrumb","itemListElement":[{"@type":"ListItem","position":1,"name":"Home","item":"https:\/\/pelyhe.hu\/"},{"@type":"ListItem","position":2,"name":"Munkat\u00e1rsaink"}]},{"@type":"WebSite","@id":"https:\/\/pelyhe.hu\/#website","url":"https:\/\/pelyhe.hu\/","name":"Pelyhe \u00e9s T\u00e1rsa Kft.","description":"Sz\u00ednpad \u00e9s f\u00e9nytechnika","publisher":{"@id":"https:\/\/pelyhe.hu\/#organization"},"potentialAction":[{"@type":"SearchAction","target":{"@type":"EntryPoint","urlTemplate":"https:\/\/pelyhe.hu\/?s={search_term_string}"},"query-input":{"@type":"PropertyValueSpecification","valueRequired":true,"valueName":"search_term_string"}}],"inLanguage":"hu"},{"@type":"Organization","@id":"https:\/\/pelyhe.hu\/#organization","name":"Pelyhe \u00e9s T\u00e1rsa Kft.","url":"https:\/\/pelyhe.hu\/","logo":{"@type":"ImageObject","inLanguage":"hu","@id":"https:\/\/pelyhe.hu\/#\/schema\/logo\/image\/","url":"https:\/\/pelyhe.hu\/wp-content\/uploads\/2019\/04\/pelyhe_logo_trans.png","contentUrl":"https:\/\/pelyhe.hu\/wp-content\/uploads\/2019\/04\/pelyhe_logo_trans.png","width":256,"height":80,"caption":"Pelyhe \u00e9s T\u00e1rsa Kft."},"image":{"@id":"https:\/\/pelyhe.hu\/#\/schema\/logo\/image\/"}}]}},"_links":{"self":[{"href":"https:\/\/pelyhe.hu\/index.php\/wp-json\/wp\/v2\/pages\/36","targetHints":{"allow":["GET"]}}],"collection":[{"href":"https:\/\/pelyhe.hu\/index.php\/wp-json\/wp\/v2\/pages"}],"about":[{"href":"https:\/\/pelyhe.hu\/index.php\/wp-json\/wp\/v2\/types\/page"}],"author":[{"embeddable":true,"href":"https:\/\/pelyhe.hu\/index.php\/wp-json\/wp\/v2\/users\/1"}],"replies":[{"embeddable":true,"href":"https:\/\/pelyhe.hu\/index.php\/wp-json\/wp\/v2\/comments?post=36"}],"version-history":[{"count":1,"href":"https:\/\/pelyhe.hu\/index.php\/wp-json\/wp\/v2\/pages\/36\/revisions"}],"predecessor-version":[{"id":37,"href":"https:\/\/pelyhe.hu\/index.php\/wp-json\/wp\/v2\/pages\/36\/revisions\/37"}],"wp:attachment":[{"href":"https:\/\/pelyhe.hu\/index.php\/wp-json\/wp\/v2\/media?parent=36"}],"curies":[{"name":"wp","href":"https:\/\/api.w.org\/{rel}","templated":true}]}}