{"id":33,"date":"2019-04-02T18:15:45","date_gmt":"2019-04-02T17:15:45","guid":{"rendered":"https:\/\/pelyhe.hu\/?page_id=33"},"modified":"2019-04-02T18:16:11","modified_gmt":"2019-04-02T17:16:11","slug":"cegismerteto","status":"publish","type":"page","link":"https:\/\/pelyhe.hu\/index.php\/cegismerteto\/","title":{"rendered":"C\u00e9gismertet\u0151"},"content":{"rendered":"<div class=\"fusion-fullwidth fullwidth-box fusion-builder-row-1 nonhundred-percent-fullwidth non-hundred-percent-height-scrolling\" style=\"--awb-border-radius-top-left:0px;--awb-border-radius-top-right:0px;--awb-border-radius-bottom-right:0px;--awb-border-radius-bottom-left:0px;--awb-flex-wrap:wrap;\" ><div class=\"fusion-builder-row fusion-row\"><div class=\"fusion-layout-column fusion_builder_column fusion-builder-column-0 fusion_builder_column_1_1 1_1 fusion-one-full fusion-column-first fusion-column-last\" style=\"--awb-bg-size:cover;\"><div class=\"fusion-column-wrapper fusion-column-has-shadow fusion-flex-column-wrapper-legacy\"><div class=\"fusion-text fusion-text-1\"><h2 class=\"art-PostHeader\">R\u00f3lunk<\/h2>\n<div class=\"art-PostContent\">\n<div class=\"art-article\">\n<p>A Pelyhe \u00e9s T\u00e1rsa Kft. 1991 janu\u00e1r 30.-\u00e1n alakult Budapesten kultur\u00e1lis, m\u0171v\u00e9szeti kereskedelmi \u00e9s szolg\u00e1ltat\u00f3 tev\u00e9kenys\u00e9gekre. Mivel a c\u00e9g sz\u00ednh\u00e1zi szakemberek \u00e1ltal lett alap\u00edtva, tev\u00e9kenys\u00e9gi k\u00f6re legink\u00e1bb a sz\u00ednh\u00e1zak illetve kultur\u00e1lis int\u00e9zm\u00e9nyek m\u0171k\u00f6d\u00e9s\u00e9nek illetve m\u0171k\u00f6dtet\u00e9s\u00e9nek ir\u00e1ny\u00e1ba orient\u00e1l\u00f3dott. Az eltelt \u00e9vek folyam\u00e1n az orsz\u00e1g egyik legnagyobb forgalmat lebonyol\u00edt\u00f3, meghat\u00e1roz\u00f3 sz\u00ednh\u00e1z- \u00e9s sz\u00ednpadtechnikai eszk\u00f6z\u00f6ket, berendez\u00e9seket illetve kieg\u00e9sz\u00edt\u0151ket forgalmaz\u00f3 c\u00e9g\u00e9v\u00e9 fejl\u0151d\u00f6tt. T\u00edz f\u0151\u00e1ll\u00e1s\u00fa alkalmazottj\u00e1val, szerz\u0151d\u00e9ses alkalmazottjaival illetve egy\u00fcttm\u0171k\u00f6d\u0151 c\u00e9geivel a tervez\u00e9st\u0151l a kivitelez\u00e9sig, a szak\u00e9rt\u0151i tev\u00e9kenys\u00e9gt\u0151l a szervizh\u00e1l\u00f3zat \u00fczemeltet\u00e9s\u00e9ig szinte az eg\u00e9sz orsz\u00e1g ter\u00fclet\u00e9n jelen van partnereinek teljes megel\u00e9ged\u00e9s\u00e9re. Tev\u00e9kenys\u00e9g\u00e9vel kiv\u00edvta ismert, nagy vil\u00e1gc\u00e9gek (Clay Paky, ADB, Lee Filters, ETC Transtechnik,, Spotlight, General Electric, Osram, DTS, Austrian Truss Construction, LOOK Solution, ZERO88,stb\u2026) elismer\u00e9s\u00e9t, aminek bizonys\u00e1g\u00e1ul a Pelyhe \u00e9s T\u00e1rsa Kft-t magyarorsz\u00e1gi kiz\u00e1r\u00f3lagos k\u00e9pvisel\u0151j\u00fcknek v\u00e1lasztott\u00e1k.<\/p>\n<p>Sz\u00ednh\u00e1zi m\u00faltunk miatt, sz\u00edvesen vesz\u00fcnk r\u00e9szt k\u00fcl\u00f6nb\u00f6z\u0151 produkci\u00f3k megval\u00f3s\u00edt\u00e1s\u00e1ban, a sz\u00ednh\u00e1zakban eddig m\u00e9g nem alkalmazott lehet\u0151s\u00e9gek kipr\u00f3b\u00e1l\u00e1s\u00e1ban, \u00faj, azel\u0151tt m\u00e9g nem haszn\u00e1lt technik\u00e1k elterjeszt\u00e9s\u00e9ben. Figyelemmel k\u00eds\u00e9rj\u00fck a l\u00e1tv\u00e1nytechnikai eszk\u00f6z\u00f6k fejl\u0151d\u00e9s\u00e9t, a vil\u00e1gban megjelen\u0151 \u00fajdons\u00e1gokat.\u00a0\u00a0A c\u00e9g \u00e9len j\u00e1r az intelligens l\u00e1mp\u00e1k sz\u00ednh\u00e1zi elterjeszt\u00e9s\u00e9ben, a benn\u00fck rejl\u0151 lehet\u0151s\u00e9gek megismertet\u00e9s\u00e9ben, \u00e9s seg\u00edts\u00e9get ny\u00fajt haszn\u00e1latuk elsaj\u00e1t\u00edt\u00e1s\u00e1ban. Nev\u00fcnkh\u00f6z f\u0171z\u0151dik az orsz\u00e1g els\u0151 komolyabb intelligens rendszer\u00e9nek telep\u00edt\u00e9se a Mad\u00e1ch Sz\u00ednh\u00e1zba. A t\u00edz \u00e9vel ezel\u0151tt telep\u00edtett rendszer a Clay Paky c\u00e9g f\u00e9nyvet\u0151ib\u0151l \u00e9p\u00fclt fel, \u00e9s b\u00e1r az \u00f3ta fel\u00faj\u00edtott\u00e1k a sz\u00ednh\u00e1zat, a f\u00e9nyvet\u0151k m\u00e9g mindig a hat\u00e1svil\u00e1g\u00edt\u00e1s fontos r\u00e9sz\u00e9t k\u00e9pezik a felhaszn\u00e1l\u00f3k legnagyobb megel\u00e9ged\u00e9s\u00e9re.<\/p>\n<p>K\u00f6zrem\u0171k\u00f6dt\u00fcnk az orsz\u00e1g els\u0151 csak robotl\u00e1mp\u00e1kkal vil\u00e1g\u00edtott el\u0151ad\u00e1s\u00e1nak a l\u00e9trehoz\u00e1s\u00e1ban. Az Experidance t\u00e1ncegy\u00fcttes \u00e1ltal Szolnokon bemutatott Ezeregy\u00e9v c\u00edm\u0171 produkci\u00f3 Rom\u00e1n S\u00e1ndor rendez\u00e9s\u00e9vel, olyan \u00faj lehet\u0151s\u00e9geket keresett, amivel a t\u00e1nc l\u00e1tv\u00e1nyoss\u00e1g\u00e1t m\u00e9g tov\u00e1bb lehet fokozni, valamint \u00faj, eddig m\u00e9g nem l\u00e1tott k\u00fcl\u00f6nleges l\u00e1tv\u00e1ny\u00e9lm\u00e9nyt tud ny\u00fajtani. A produkci\u00f3 olyan j\u00f3l siker\u00fclt, hogy imm\u00e1r 3 \u00e9ve folyamatosan telth\u00e1zzal mutatj\u00e1k be. Az el\u0151ad\u00e1s l\u00e9trej\u00f6tt\u00e9t a l\u00e1mpapark \u00f6ssze\u00e1ll\u00edt\u00e1s\u00e1val, be\u00fczemel\u00e9s\u00e9vel, az els\u0151 vez\u00e9rl\u0151 program elk\u00e9sz\u00edt\u00e9s\u00e9vel, \u00e9s rengeteg szakmai j\u00f3 tan\u00e1ccsal seg\u00edtett\u00fck. Az ott felmutatott eredm\u00e9nyeink bizony\u00edtott\u00e1k az intelligens l\u00e1mp\u00e1k sz\u00ednh\u00e1zi l\u00e9tjogosults\u00e1g\u00e1t, \u00e9s alkalmaz\u00e1si lehet\u0151s\u00e9geinek sokoldal\u00fas\u00e1g\u00e1t. Ezen eredm\u00e9nyeink is seg\u00edtettek minket oda, hogy jelent\u0151s szerepet v\u00e1llalhattunk az \u00faj Nemzeti Sz\u00ednh\u00e1z vil\u00e1gsz\u00ednvonal\u00fa vil\u00e1g\u00edt\u00e1stechnik\u00e1j\u00e1nak a l\u00e9trehoz\u00e1s\u00e1ban. Az oda telep\u00edtett t\u00f6bb mint 100 db Clay Paky intelligens l\u00e1mpa adja a sz\u00ednh\u00e1z vil\u00e1g\u00edt\u00e1si rendszer\u00e9nek gerinc\u00e9t, h\u00e1tt\u00e9rbe szor\u00edtva a hagyom\u00e1nyos statikus vil\u00e1g\u00edt\u00e1si rendszert.<\/p>\n<p>\u00d6tletekkel, sok esetben az \u00f6tletek megval\u00f3s\u00edt\u00e1s\u00e1val j\u00e1rulunk hozz\u00e1 \u00faj el\u0151ad\u00e1sok elektromos d\u00edszlet \u00e9s kell\u00e9k elemeinek elk\u00e9sz\u00fcl\u00e9s\u00e9hez. Kiv\u00e1l\u00f3 p\u00e9lda a Mad\u00e1ch-ban az Operah\u00e1z Fantomja c\u00edm\u0171 el\u0151ad\u00e1shoz k\u00e9sz\u00edtett 4db speci\u00e1lis m\u00e9cses t\u00e1lca, amiken 200 db m\u0171l\u00e1ng m\u0171k\u00f6dik, vagy a Nemzetiben a Holdb\u00e9li Cs\u00f3nakos h\u00e1tt\u00e9r f\u00fcgg\u00f6nye ahol 3000 LED vil\u00e1g\u00edt, vagy az egyik utols\u00f3 ilyen jelleg\u0171 munk\u00e1nk, a Sz\u00e9kesfeh\u00e9rv\u00e1ri V\u00f6r\u00f6smarty Sz\u00ednh\u00e1z Chicago el\u0151ad\u00e1s\u00e1nak LED-es b\u00f6rt\u00f6nr\u00e1csa, ami 72 \u00e1ramk\u00f6rre bontva 2800 LED-el k\u00e9sz\u00fclt.<\/p>\n<p>A Pelyhe \u00e9s T\u00e1rsa Kft. k\u00e9szs\u00e9ggel \u00e1ll rendelkez\u00e9s\u00e9re minden, a tev\u00e9kenys\u00e9gi k\u00f6r\u00fcnkbe tartoz\u00f3 term\u00e9k, inform\u00e1ci\u00f3 \u00e9s szolg\u00e1ltat\u00e1s \u00fcgy\u00e9ben \u00e9rdekl\u0151d\u0151 sz\u00ednh\u00e1zi \u00e9s nem sz\u00ednh\u00e1zi felhaszn\u00e1l\u00f3nak. A telephely\u00fcnk\u00f6n tal\u00e1lhat\u00f3 bemutat\u00f3 term\u00fcnkben sok \u00e1ltalunk forgalmazott eszk\u00f6z megtekinthet\u0151, kipr\u00f3b\u00e1lhat\u00f3. M\u0171hely\u00fcnkben nagytapasztalat\u00fa szervizm\u00e9rn\u00f6k v\u00e1rja a legk\u00fcl\u00f6nb\u00f6z\u0151bb l\u00e1tv\u00e1nytechnikai elk\u00e9pzel\u00e9ssel hozz\u00e1nk fordul\u00f3 d\u00edszlet \u00e9s l\u00e1tv\u00e1nytervez\u0151ket. Ismerve a sz\u00ednh\u00e1zak \u00e9s m\u0171vel\u0151d\u00e9si int\u00e9zm\u00e9nyek sz\u0171k\u00f6s lehet\u0151s\u00e9geit, az esetlegesen meghib\u00e1sodott berendez\u00e9seinek jav\u00edt\u00e1s\u00e1t lehet\u0151s\u00e9g szerint azonnali hat\u00e1rid\u0151vel v\u00e1llaljuk, \u00edgy is igyeksz\u00fcnk cs\u00f6kkenteni a m\u0171szaki hiba miatt kiesett g\u00e9pek okozta probl\u00e9m\u00e1kat.<\/p>\n<p>A legalapvet\u0151bb vil\u00e1g\u00edt\u00e1si felszerel\u00e9sekt\u0151l \u00e9s kieg\u00e9sz\u00edt\u0151kt\u0151l a legkomplexebb nagysz\u00ednh\u00e1zi rendszerekig, a tervez\u00e9st\u0151l a rendszer\u00fczem betan\u00edt\u00e1s\u00e1n \u00e1t a napi \u00fczemhez sz\u00fcks\u00e9ges anyagokig \u00e9s eszk\u00f6z\u00f6kig minden megtal\u00e1lhat\u00f3 c\u00e9g\u00fcnkn\u00e9l.<\/p>\n<p>Koll\u00e9g\u00e1ink szaktan\u00e1csad\u00e1ssal, v\u00e9lem\u00e9nyez\u00e9ssel, megbesz\u00e9l\u00e9s alapj\u00e1n helysz\u00edni bemutat\u00e1ssal seg\u00edtik el\u0151 d\u00f6nt\u00e9seit, hogy a j\u00f3k k\u00f6z\u00fcl a legjobbat tudja kiv\u00e1lasztani.<\/p>\n<\/div>\n<\/div>\n<\/div><div class=\"fusion-clearfix\"><\/div><\/div><\/div><\/div><\/div>\n","protected":false},"excerpt":{"rendered":"","protected":false},"author":1,"featured_media":0,"parent":0,"menu_order":0,"comment_status":"closed","ping_status":"closed","template":"","meta":{"footnotes":""},"class_list":["post-33","page","type-page","status-publish","hentry"],"yoast_head":"<!-- This site is optimized with the Yoast SEO plugin v27.6 - https:\/\/yoast.com\/product\/yoast-seo-wordpress\/ -->\n<title>C\u00e9gismertet\u0151 - Pelyhe \u00e9s T\u00e1rsa Kft.<\/title>\n<meta name=\"robots\" content=\"index, follow, max-snippet:-1, max-image-preview:large, max-video-preview:-1\" \/>\n<link rel=\"canonical\" href=\"https:\/\/pelyhe.hu\/index.php\/cegismerteto\/\" \/>\n<meta property=\"og:locale\" content=\"hu_HU\" \/>\n<meta property=\"og:type\" content=\"article\" \/>\n<meta property=\"og:title\" content=\"C\u00e9gismertet\u0151 - Pelyhe \u00e9s T\u00e1rsa Kft.\" \/>\n<meta property=\"og:url\" content=\"https:\/\/pelyhe.hu\/index.php\/cegismerteto\/\" \/>\n<meta property=\"og:site_name\" content=\"Pelyhe \u00e9s T\u00e1rsa Kft.\" \/>\n<meta property=\"article:modified_time\" content=\"2019-04-02T17:16:11+00:00\" \/>\n<meta name=\"twitter:card\" content=\"summary_large_image\" \/>\n<meta name=\"twitter:label1\" content=\"Becs\u00fclt olvas\u00e1si id\u0151\" \/>\n\t<meta name=\"twitter:data1\" content=\"6 perc\" \/>\n<script type=\"application\/ld+json\" class=\"yoast-schema-graph\">{\"@context\":\"https:\\\/\\\/schema.org\",\"@graph\":[{\"@type\":\"WebPage\",\"@id\":\"https:\\\/\\\/pelyhe.hu\\\/index.php\\\/cegismerteto\\\/\",\"url\":\"https:\\\/\\\/pelyhe.hu\\\/index.php\\\/cegismerteto\\\/\",\"name\":\"C\u00e9gismertet\u0151 - Pelyhe \u00e9s T\u00e1rsa Kft.\",\"isPartOf\":{\"@id\":\"https:\\\/\\\/pelyhe.hu\\\/#website\"},\"datePublished\":\"2019-04-02T17:15:45+00:00\",\"dateModified\":\"2019-04-02T17:16:11+00:00\",\"breadcrumb\":{\"@id\":\"https:\\\/\\\/pelyhe.hu\\\/index.php\\\/cegismerteto\\\/#breadcrumb\"},\"inLanguage\":\"hu\",\"potentialAction\":[{\"@type\":\"ReadAction\",\"target\":[\"https:\\\/\\\/pelyhe.hu\\\/index.php\\\/cegismerteto\\\/\"]}]},{\"@type\":\"BreadcrumbList\",\"@id\":\"https:\\\/\\\/pelyhe.hu\\\/index.php\\\/cegismerteto\\\/#breadcrumb\",\"itemListElement\":[{\"@type\":\"ListItem\",\"position\":1,\"name\":\"Home\",\"item\":\"https:\\\/\\\/pelyhe.hu\\\/\"},{\"@type\":\"ListItem\",\"position\":2,\"name\":\"C\u00e9gismertet\u0151\"}]},{\"@type\":\"WebSite\",\"@id\":\"https:\\\/\\\/pelyhe.hu\\\/#website\",\"url\":\"https:\\\/\\\/pelyhe.hu\\\/\",\"name\":\"Pelyhe \u00e9s T\u00e1rsa Kft.\",\"description\":\"Sz\u00ednpad \u00e9s f\u00e9nytechnika\",\"publisher\":{\"@id\":\"https:\\\/\\\/pelyhe.hu\\\/#organization\"},\"potentialAction\":[{\"@type\":\"SearchAction\",\"target\":{\"@type\":\"EntryPoint\",\"urlTemplate\":\"https:\\\/\\\/pelyhe.hu\\\/?s={search_term_string}\"},\"query-input\":{\"@type\":\"PropertyValueSpecification\",\"valueRequired\":true,\"valueName\":\"search_term_string\"}}],\"inLanguage\":\"hu\"},{\"@type\":\"Organization\",\"@id\":\"https:\\\/\\\/pelyhe.hu\\\/#organization\",\"name\":\"Pelyhe \u00e9s T\u00e1rsa Kft.\",\"url\":\"https:\\\/\\\/pelyhe.hu\\\/\",\"logo\":{\"@type\":\"ImageObject\",\"inLanguage\":\"hu\",\"@id\":\"https:\\\/\\\/pelyhe.hu\\\/#\\\/schema\\\/logo\\\/image\\\/\",\"url\":\"https:\\\/\\\/pelyhe.hu\\\/wp-content\\\/uploads\\\/2019\\\/04\\\/pelyhe_logo_trans.png\",\"contentUrl\":\"https:\\\/\\\/pelyhe.hu\\\/wp-content\\\/uploads\\\/2019\\\/04\\\/pelyhe_logo_trans.png\",\"width\":256,\"height\":80,\"caption\":\"Pelyhe \u00e9s T\u00e1rsa Kft.\"},\"image\":{\"@id\":\"https:\\\/\\\/pelyhe.hu\\\/#\\\/schema\\\/logo\\\/image\\\/\"}}]}<\/script>\n<!-- \/ Yoast SEO plugin. -->","yoast_head_json":{"title":"C\u00e9gismertet\u0151 - Pelyhe \u00e9s T\u00e1rsa Kft.","robots":{"index":"index","follow":"follow","max-snippet":"max-snippet:-1","max-image-preview":"max-image-preview:large","max-video-preview":"max-video-preview:-1"},"canonical":"https:\/\/pelyhe.hu\/index.php\/cegismerteto\/","og_locale":"hu_HU","og_type":"article","og_title":"C\u00e9gismertet\u0151 - Pelyhe \u00e9s T\u00e1rsa Kft.","og_url":"https:\/\/pelyhe.hu\/index.php\/cegismerteto\/","og_site_name":"Pelyhe \u00e9s T\u00e1rsa Kft.","article_modified_time":"2019-04-02T17:16:11+00:00","twitter_card":"summary_large_image","twitter_misc":{"Becs\u00fclt olvas\u00e1si id\u0151":"6 perc"},"schema":{"@context":"https:\/\/schema.org","@graph":[{"@type":"WebPage","@id":"https:\/\/pelyhe.hu\/index.php\/cegismerteto\/","url":"https:\/\/pelyhe.hu\/index.php\/cegismerteto\/","name":"C\u00e9gismertet\u0151 - Pelyhe \u00e9s T\u00e1rsa Kft.","isPartOf":{"@id":"https:\/\/pelyhe.hu\/#website"},"datePublished":"2019-04-02T17:15:45+00:00","dateModified":"2019-04-02T17:16:11+00:00","breadcrumb":{"@id":"https:\/\/pelyhe.hu\/index.php\/cegismerteto\/#breadcrumb"},"inLanguage":"hu","potentialAction":[{"@type":"ReadAction","target":["https:\/\/pelyhe.hu\/index.php\/cegismerteto\/"]}]},{"@type":"BreadcrumbList","@id":"https:\/\/pelyhe.hu\/index.php\/cegismerteto\/#breadcrumb","itemListElement":[{"@type":"ListItem","position":1,"name":"Home","item":"https:\/\/pelyhe.hu\/"},{"@type":"ListItem","position":2,"name":"C\u00e9gismertet\u0151"}]},{"@type":"WebSite","@id":"https:\/\/pelyhe.hu\/#website","url":"https:\/\/pelyhe.hu\/","name":"Pelyhe \u00e9s T\u00e1rsa Kft.","description":"Sz\u00ednpad \u00e9s f\u00e9nytechnika","publisher":{"@id":"https:\/\/pelyhe.hu\/#organization"},"potentialAction":[{"@type":"SearchAction","target":{"@type":"EntryPoint","urlTemplate":"https:\/\/pelyhe.hu\/?s={search_term_string}"},"query-input":{"@type":"PropertyValueSpecification","valueRequired":true,"valueName":"search_term_string"}}],"inLanguage":"hu"},{"@type":"Organization","@id":"https:\/\/pelyhe.hu\/#organization","name":"Pelyhe \u00e9s T\u00e1rsa Kft.","url":"https:\/\/pelyhe.hu\/","logo":{"@type":"ImageObject","inLanguage":"hu","@id":"https:\/\/pelyhe.hu\/#\/schema\/logo\/image\/","url":"https:\/\/pelyhe.hu\/wp-content\/uploads\/2019\/04\/pelyhe_logo_trans.png","contentUrl":"https:\/\/pelyhe.hu\/wp-content\/uploads\/2019\/04\/pelyhe_logo_trans.png","width":256,"height":80,"caption":"Pelyhe \u00e9s T\u00e1rsa Kft."},"image":{"@id":"https:\/\/pelyhe.hu\/#\/schema\/logo\/image\/"}}]}},"_links":{"self":[{"href":"https:\/\/pelyhe.hu\/index.php\/wp-json\/wp\/v2\/pages\/33","targetHints":{"allow":["GET"]}}],"collection":[{"href":"https:\/\/pelyhe.hu\/index.php\/wp-json\/wp\/v2\/pages"}],"about":[{"href":"https:\/\/pelyhe.hu\/index.php\/wp-json\/wp\/v2\/types\/page"}],"author":[{"embeddable":true,"href":"https:\/\/pelyhe.hu\/index.php\/wp-json\/wp\/v2\/users\/1"}],"replies":[{"embeddable":true,"href":"https:\/\/pelyhe.hu\/index.php\/wp-json\/wp\/v2\/comments?post=33"}],"version-history":[{"count":2,"href":"https:\/\/pelyhe.hu\/index.php\/wp-json\/wp\/v2\/pages\/33\/revisions"}],"predecessor-version":[{"id":35,"href":"https:\/\/pelyhe.hu\/index.php\/wp-json\/wp\/v2\/pages\/33\/revisions\/35"}],"wp:attachment":[{"href":"https:\/\/pelyhe.hu\/index.php\/wp-json\/wp\/v2\/media?parent=33"}],"curies":[{"name":"wp","href":"https:\/\/api.w.org\/{rel}","templated":true}]}}