{"id":15,"date":"2019-04-02T15:52:25","date_gmt":"2019-04-02T14:52:25","guid":{"rendered":"https:\/\/pelyhe.hu\/?page_id=15"},"modified":"2023-01-13T13:53:09","modified_gmt":"2023-01-13T12:53:09","slug":"kezdolap","status":"publish","type":"page","link":"https:\/\/pelyhe.hu\/","title":{"rendered":"Kezd\u0151lap"},"content":{"rendered":"<div class=\"fusion-fullwidth fullwidth-box fusion-builder-row-1 nonhundred-percent-fullwidth non-hundred-percent-height-scrolling\" style=\"--awb-border-radius-top-left:0px;--awb-border-radius-top-right:0px;--awb-border-radius-bottom-right:0px;--awb-border-radius-bottom-left:0px;--awb-flex-wrap:wrap;\" ><div class=\"fusion-builder-row fusion-row\"><div class=\"fusion-layout-column fusion_builder_column fusion-builder-column-0 fusion_builder_column_1_1 1_1 fusion-one-full fusion-column-first fusion-column-last\" style=\"--awb-bg-size:cover;\"><div class=\"fusion-column-wrapper fusion-column-has-shadow fusion-flex-column-wrapper-legacy\"><div class=\"fusion-blog-shortcode fusion-blog-shortcode-1 fusion-blog-archive fusion-blog-layout-large fusion-blog-pagination\"><div class=\"fusion-posts-container fusion-posts-container-pagination fusion-blog-rollover\" data-pages=\"2\"><article id=\"blog-1-post-1116\" class=\"fusion-post-large post-1116 post type-post status-publish format-standard hentry category-uncategorized\">\n\t<style type=\"text\/css\">\n\t\t\n\t\t\n\t\t\n\t\t\n\t\t\t<\/style>\n\n\n<div class=\"fusion-post-content post-content\"><h2 class=\"blog-shortcode-post-title entry-title\"><a href=\"https:\/\/pelyhe.hu\/index.php\/2025\/05\/14\/claypaky-es-az-ek-inc-egyesiti-eroit\/\">Claypaky \u00e9s az EK Inc. egyes\u00edti er\u0151it<\/a><\/h2><div class=\"fusion-post-content-container\"><p>A Claypaky \u00e9s az EK Inc. egyes\u00edti er\u0151it, biztos\u00edtva a <a class=\"moretag btn btn-primary\" href=\"https:\/\/pelyhe.hu\/index.php\/2025\/05\/14\/claypaky-es-az-ek-inc-egyesiti-eroit\/\">...<br><br>Tov\u00e1bb olvasom \u00bb<\/a><\/p><\/div><\/div><div class=\"fusion-clearfix\"><\/div><div class=\"fusion-meta-info\"><span class=\"vcard\" style=\"display: none;\"><span class=\"fn\"><a href=\"https:\/\/pelyhe.hu\/index.php\/author\/johnnie\/\" title=\"johnnie bejegyz\u00e9se\" rel=\"author\">johnnie<\/a><\/span><\/span><span class=\"updated\" style=\"display:none;\">2025-05-14T10:23:07+01:00<\/span><\/div><\/article>\n<article id=\"blog-1-post-1064\" class=\"fusion-post-large post-1064 post type-post status-publish format-standard hentry category-uncategorized\">\n\t<style type=\"text\/css\">\n\t\t\n\t\t\n\t\t\n\t\t\n\t\t\t<\/style>\n\n\n<div class=\"fusion-post-content post-content\"><h2 class=\"blog-shortcode-post-title entry-title\"><a href=\"https:\/\/pelyhe.hu\/index.php\/2023\/03\/27\/1064\/\">Egy\u00fcttm\u0171k\u00f6d\u00e9s j\u00f6tt l\u00e9tre a Claypaky  \u00e9s a bergamoi Teatro Donizetti k\u00f6z\u00f6tt<\/a><\/h2><div class=\"fusion-post-content-container\"><p>   <\/p><\/div><\/div><div class=\"fusion-clearfix\"><\/div><div class=\"fusion-meta-info\"><span class=\"vcard\" style=\"display: none;\"><span class=\"fn\"><a href=\"https:\/\/pelyhe.hu\/index.php\/author\/johnnie\/\" title=\"johnnie bejegyz\u00e9se\" rel=\"author\">johnnie<\/a><\/span><\/span><span class=\"updated\" style=\"display:none;\">2023-03-27T10:48:24+01:00<\/span><\/div><\/article>\n<article id=\"blog-1-post-1050\" class=\"fusion-post-large post-1050 post type-post status-publish format-standard hentry category-uncategorized\">\n\t<style type=\"text\/css\">\n\t\t\n\t\t\n\t\t\n\t\t\n\t\t\t<\/style>\n\n\n<div class=\"fusion-post-content post-content\"><h2 class=\"blog-shortcode-post-title entry-title\"><a href=\"https:\/\/pelyhe.hu\/index.php\/2023\/03\/23\/claypaky-mozgolampai-az-ntpa-muveszeti-iskola-kollegiumi-csoportjanak-szinpadan\/\">Claypaky mozg\u00f3l\u00e1mp\u00e1i az NTPA M\u0171v\u00e9szeti iskola koll\u00e9giumi csoportj\u00e1nak sz\u00ednpad\u00e1n<\/a><\/h2><div class=\"fusion-post-content-container\"><p> A Claypaky mozg\u00f3l\u00e1mp\u00e1i magasabb szintre emelik a professzion\u00e1lis produkci\u00f3kat <a class=\"moretag btn btn-primary\" href=\"https:\/\/pelyhe.hu\/index.php\/2023\/03\/23\/claypaky-mozgolampai-az-ntpa-muveszeti-iskola-kollegiumi-csoportjanak-szinpadan\/\">...<br><br>Tov\u00e1bb olvasom \u00bb<\/a><\/p><\/div><\/div><div class=\"fusion-clearfix\"><\/div><div class=\"fusion-meta-info\"><span class=\"vcard\" style=\"display: none;\"><span class=\"fn\"><a href=\"https:\/\/pelyhe.hu\/index.php\/author\/johnnie\/\" title=\"johnnie bejegyz\u00e9se\" rel=\"author\">johnnie<\/a><\/span><\/span><span class=\"updated\" style=\"display:none;\">2023-03-23T10:04:06+01:00<\/span><\/div><\/article>\n<article id=\"blog-1-post-983\" class=\"fusion-post-large post-983 post type-post status-publish format-standard hentry category-uncategorized\">\n\t<style type=\"text\/css\">\n\t\t\n\t\t\n\t\t\n\t\t\n\t\t\t<\/style>\n\n\n<div class=\"fusion-post-content post-content\"><h2 class=\"blog-shortcode-post-title entry-title\"><a href=\"https:\/\/pelyhe.hu\/index.php\/2022\/03\/17\/szinpadtechnikai-szakmernok-kepzes\/\">Sz\u00ednpadtechnikai szakm\u00e9rn\u00f6k k\u00e9pz\u00e9s<\/a><\/h2><div class=\"fusion-post-content-container\"><p>    Magyarorsz\u00e1gon kiz\u00e1r\u00f3lag az \u00d3budai Egyetemen folyik <a class=\"moretag btn btn-primary\" href=\"https:\/\/pelyhe.hu\/index.php\/2022\/03\/17\/szinpadtechnikai-szakmernok-kepzes\/\">...<br><br>Tov\u00e1bb olvasom \u00bb<\/a><\/p><\/div><\/div><div class=\"fusion-clearfix\"><\/div><div class=\"fusion-meta-info\"><span class=\"vcard\" style=\"display: none;\"><span class=\"fn\"><a href=\"https:\/\/pelyhe.hu\/index.php\/author\/johnnie\/\" title=\"johnnie bejegyz\u00e9se\" rel=\"author\">johnnie<\/a><\/span><\/span><span class=\"updated\" style=\"display:none;\">2022-03-17T11:12:18+01:00<\/span><\/div><\/article>\n<\/div><div class=\"pagination clearfix\"><span class=\"current\">1<\/span><a href=\"https:\/\/pelyhe.hu\/index.php\/wp-json\/wp\/v2\/pages\/15\/page\/2\/\" class=\"inactive\">2<\/a><a class=\"pagination-next\" rel=\"next\" href=\"https:\/\/pelyhe.hu\/index.php\/wp-json\/wp\/v2\/pages\/15\/page\/2\/\"><span class=\"page-text\">K\u00f6vetkez\u0151<\/span><span class=\"page-next\"><\/span><\/a><\/div><div class=\"fusion-clearfix\"><\/div><\/div><div class=\"fusion-clearfix\"><\/div><\/div><\/div><\/div><\/div>\n","protected":false},"excerpt":{"rendered":"","protected":false},"author":1,"featured_media":0,"parent":0,"menu_order":0,"comment_status":"closed","ping_status":"closed","template":"100-width.php","meta":{"footnotes":""},"class_list":["post-15","page","type-page","status-publish","hentry"],"yoast_head":"<!-- This site is optimized with the Yoast SEO plugin v27.3 - https:\/\/yoast.com\/product\/yoast-seo-wordpress\/ -->\n<title>Kezd\u0151lap - Pelyhe \u00e9s T\u00e1rsa Kft.<\/title>\n<meta name=\"robots\" content=\"index, follow, max-snippet:-1, max-image-preview:large, max-video-preview:-1\" \/>\n<link rel=\"canonical\" href=\"https:\/\/pelyhe.hu\/\" \/>\n<meta property=\"og:locale\" content=\"hu_HU\" \/>\n<meta property=\"og:type\" content=\"article\" \/>\n<meta property=\"og:title\" content=\"Kezd\u0151lap - Pelyhe \u00e9s T\u00e1rsa Kft.\" \/>\n<meta property=\"og:url\" content=\"https:\/\/pelyhe.hu\/\" \/>\n<meta property=\"og:site_name\" content=\"Pelyhe \u00e9s T\u00e1rsa Kft.\" \/>\n<meta property=\"article:modified_time\" content=\"2023-01-13T12:53:09+00:00\" \/>\n<meta name=\"twitter:card\" content=\"summary_large_image\" \/>\n<meta name=\"twitter:label1\" content=\"Becs\u00fclt olvas\u00e1si id\u0151\" \/>\n\t<meta name=\"twitter:data1\" content=\"1 perc\" \/>\n<script type=\"application\/ld+json\" class=\"yoast-schema-graph\">{\"@context\":\"https:\\\/\\\/schema.org\",\"@graph\":[{\"@type\":\"WebPage\",\"@id\":\"https:\\\/\\\/pelyhe.hu\\\/\",\"url\":\"https:\\\/\\\/pelyhe.hu\\\/\",\"name\":\"Kezd\u0151lap - Pelyhe \u00e9s T\u00e1rsa Kft.\",\"isPartOf\":{\"@id\":\"https:\\\/\\\/pelyhe.hu\\\/#website\"},\"datePublished\":\"2019-04-02T14:52:25+00:00\",\"dateModified\":\"2023-01-13T12:53:09+00:00\",\"breadcrumb\":{\"@id\":\"https:\\\/\\\/pelyhe.hu\\\/#breadcrumb\"},\"inLanguage\":\"hu\",\"potentialAction\":[{\"@type\":\"ReadAction\",\"target\":[\"https:\\\/\\\/pelyhe.hu\\\/\"]}]},{\"@type\":\"BreadcrumbList\",\"@id\":\"https:\\\/\\\/pelyhe.hu\\\/#breadcrumb\",\"itemListElement\":[{\"@type\":\"ListItem\",\"position\":1,\"name\":\"Home\",\"item\":\"https:\\\/\\\/pelyhe.hu\\\/\"},{\"@type\":\"ListItem\",\"position\":2,\"name\":\"Kezd\u0151lap\"}]},{\"@type\":\"WebSite\",\"@id\":\"https:\\\/\\\/pelyhe.hu\\\/#website\",\"url\":\"https:\\\/\\\/pelyhe.hu\\\/\",\"name\":\"Pelyhe \u00e9s T\u00e1rsa Kft.\",\"description\":\"Sz\u00ednpad \u00e9s f\u00e9nytechnika\",\"publisher\":{\"@id\":\"https:\\\/\\\/pelyhe.hu\\\/#organization\"},\"potentialAction\":[{\"@type\":\"SearchAction\",\"target\":{\"@type\":\"EntryPoint\",\"urlTemplate\":\"https:\\\/\\\/pelyhe.hu\\\/?s={search_term_string}\"},\"query-input\":{\"@type\":\"PropertyValueSpecification\",\"valueRequired\":true,\"valueName\":\"search_term_string\"}}],\"inLanguage\":\"hu\"},{\"@type\":\"Organization\",\"@id\":\"https:\\\/\\\/pelyhe.hu\\\/#organization\",\"name\":\"Pelyhe \u00e9s T\u00e1rsa Kft.\",\"url\":\"https:\\\/\\\/pelyhe.hu\\\/\",\"logo\":{\"@type\":\"ImageObject\",\"inLanguage\":\"hu\",\"@id\":\"https:\\\/\\\/pelyhe.hu\\\/#\\\/schema\\\/logo\\\/image\\\/\",\"url\":\"https:\\\/\\\/pelyhe.hu\\\/wp-content\\\/uploads\\\/2019\\\/04\\\/pelyhe_logo_trans.png\",\"contentUrl\":\"https:\\\/\\\/pelyhe.hu\\\/wp-content\\\/uploads\\\/2019\\\/04\\\/pelyhe_logo_trans.png\",\"width\":256,\"height\":80,\"caption\":\"Pelyhe \u00e9s T\u00e1rsa Kft.\"},\"image\":{\"@id\":\"https:\\\/\\\/pelyhe.hu\\\/#\\\/schema\\\/logo\\\/image\\\/\"}}]}<\/script>\n<!-- \/ Yoast SEO plugin. -->","yoast_head_json":{"title":"Kezd\u0151lap - Pelyhe \u00e9s T\u00e1rsa Kft.","robots":{"index":"index","follow":"follow","max-snippet":"max-snippet:-1","max-image-preview":"max-image-preview:large","max-video-preview":"max-video-preview:-1"},"canonical":"https:\/\/pelyhe.hu\/","og_locale":"hu_HU","og_type":"article","og_title":"Kezd\u0151lap - Pelyhe \u00e9s T\u00e1rsa Kft.","og_url":"https:\/\/pelyhe.hu\/","og_site_name":"Pelyhe \u00e9s T\u00e1rsa Kft.","article_modified_time":"2023-01-13T12:53:09+00:00","twitter_card":"summary_large_image","twitter_misc":{"Becs\u00fclt olvas\u00e1si id\u0151":"1 perc"},"schema":{"@context":"https:\/\/schema.org","@graph":[{"@type":"WebPage","@id":"https:\/\/pelyhe.hu\/","url":"https:\/\/pelyhe.hu\/","name":"Kezd\u0151lap - Pelyhe \u00e9s T\u00e1rsa Kft.","isPartOf":{"@id":"https:\/\/pelyhe.hu\/#website"},"datePublished":"2019-04-02T14:52:25+00:00","dateModified":"2023-01-13T12:53:09+00:00","breadcrumb":{"@id":"https:\/\/pelyhe.hu\/#breadcrumb"},"inLanguage":"hu","potentialAction":[{"@type":"ReadAction","target":["https:\/\/pelyhe.hu\/"]}]},{"@type":"BreadcrumbList","@id":"https:\/\/pelyhe.hu\/#breadcrumb","itemListElement":[{"@type":"ListItem","position":1,"name":"Home","item":"https:\/\/pelyhe.hu\/"},{"@type":"ListItem","position":2,"name":"Kezd\u0151lap"}]},{"@type":"WebSite","@id":"https:\/\/pelyhe.hu\/#website","url":"https:\/\/pelyhe.hu\/","name":"Pelyhe \u00e9s T\u00e1rsa Kft.","description":"Sz\u00ednpad \u00e9s f\u00e9nytechnika","publisher":{"@id":"https:\/\/pelyhe.hu\/#organization"},"potentialAction":[{"@type":"SearchAction","target":{"@type":"EntryPoint","urlTemplate":"https:\/\/pelyhe.hu\/?s={search_term_string}"},"query-input":{"@type":"PropertyValueSpecification","valueRequired":true,"valueName":"search_term_string"}}],"inLanguage":"hu"},{"@type":"Organization","@id":"https:\/\/pelyhe.hu\/#organization","name":"Pelyhe \u00e9s T\u00e1rsa Kft.","url":"https:\/\/pelyhe.hu\/","logo":{"@type":"ImageObject","inLanguage":"hu","@id":"https:\/\/pelyhe.hu\/#\/schema\/logo\/image\/","url":"https:\/\/pelyhe.hu\/wp-content\/uploads\/2019\/04\/pelyhe_logo_trans.png","contentUrl":"https:\/\/pelyhe.hu\/wp-content\/uploads\/2019\/04\/pelyhe_logo_trans.png","width":256,"height":80,"caption":"Pelyhe \u00e9s T\u00e1rsa Kft."},"image":{"@id":"https:\/\/pelyhe.hu\/#\/schema\/logo\/image\/"}}]}},"_links":{"self":[{"href":"https:\/\/pelyhe.hu\/index.php\/wp-json\/wp\/v2\/pages\/15","targetHints":{"allow":["GET"]}}],"collection":[{"href":"https:\/\/pelyhe.hu\/index.php\/wp-json\/wp\/v2\/pages"}],"about":[{"href":"https:\/\/pelyhe.hu\/index.php\/wp-json\/wp\/v2\/types\/page"}],"author":[{"embeddable":true,"href":"https:\/\/pelyhe.hu\/index.php\/wp-json\/wp\/v2\/users\/1"}],"replies":[{"embeddable":true,"href":"https:\/\/pelyhe.hu\/index.php\/wp-json\/wp\/v2\/comments?post=15"}],"version-history":[{"count":30,"href":"https:\/\/pelyhe.hu\/index.php\/wp-json\/wp\/v2\/pages\/15\/revisions"}],"predecessor-version":[{"id":1030,"href":"https:\/\/pelyhe.hu\/index.php\/wp-json\/wp\/v2\/pages\/15\/revisions\/1030"}],"wp:attachment":[{"href":"https:\/\/pelyhe.hu\/index.php\/wp-json\/wp\/v2\/media?parent=15"}],"curies":[{"name":"wp","href":"https:\/\/api.w.org\/{rel}","templated":true}]}}